{"id":410,"date":"2023-10-23T18:28:59","date_gmt":"2023-10-23T16:28:59","guid":{"rendered":"https:\/\/provence-souvenirs.fr\/?post_type=product&#038;p=410"},"modified":"2024-09-08T16:31:51","modified_gmt":"2024-09-08T14:31:51","slug":"cuillere-a-bebe","status":"publish","type":"product","link":"https:\/\/provence-souvenirs.fr\/index.php\/produit\/cuillere-a-bebe\/","title":{"rendered":"Cuill\u00e8re \u00e0 b\u00e9b\u00e9"},"content":{"rendered":"","protected":false},"excerpt":{"rendered":"","protected":false},"featured_media":411,"comment_status":"open","ping_status":"closed","template":"","meta":[],"product_cat":[20],"product_tag":[],"class_list":["post-410","product","type-product","status-publish","has-post-thumbnail","hentry","product_cat-ustensiles-de-cuisine"],"jetpack_sharing_enabled":true,"_links":{"self":[{"href":"https:\/\/provence-souvenirs.fr\/index.php\/wp-json\/wp\/v2\/product\/410"}],"collection":[{"href":"https:\/\/provence-souvenirs.fr\/index.php\/wp-json\/wp\/v2\/product"}],"about":[{"href":"https:\/\/provence-souvenirs.fr\/index.php\/wp-json\/wp\/v2\/types\/product"}],"replies":[{"embeddable":true,"href":"https:\/\/provence-souvenirs.fr\/index.php\/wp-json\/wp\/v2\/comments?post=410"}],"wp:featuredmedia":[{"embeddable":true,"href":"https:\/\/provence-souvenirs.fr\/index.php\/wp-json\/wp\/v2\/media\/411"}],"wp:attachment":[{"href":"https:\/\/provence-souvenirs.fr\/index.php\/wp-json\/wp\/v2\/media?parent=410"}],"wp:term":[{"taxonomy":"product_cat","embeddable":true,"href":"https:\/\/provence-souvenirs.fr\/index.php\/wp-json\/wp\/v2\/product_cat?post=410"},{"taxonomy":"product_tag","embeddable":true,"href":"https:\/\/provence-souvenirs.fr\/index.php\/wp-json\/wp\/v2\/product_tag?post=410"}],"curies":[{"name":"wp","href":"https:\/\/api.w.org\/{rel}","templated":true}]}}