{"id":93,"date":"2023-10-12T11:56:01","date_gmt":"2023-10-12T09:56:01","guid":{"rendered":"https:\/\/provence-souvenirs.fr\/?page_id=93"},"modified":"2024-12-31T15:34:44","modified_gmt":"2024-12-31T14:34:44","slug":"contact","status":"publish","type":"page","link":"https:\/\/provence-souvenirs.fr\/index.php\/contact\/","title":{"rendered":"Contact"},"content":{"rendered":"\n<p class=\"has-large-font-size\"><strong>Provence Souvenirs&nbsp;<\/strong><\/p>\n\n\n\n<p>Atelier : <strong>5 Bis Chemin de la Pin\u00e8de &#8211; 13520 MAUSSANE LES ALPILLES <\/strong><\/p>\n\n\n\n<p>Boutique : <strong>26 Rue carnot &#8211; 13210 SAINT REMY DE PROVENCE<\/strong><\/p>\n\n\n\n<p><strong>Par T\u00e9l\u00e9phone&nbsp;:<\/strong><\/p>\n\n\n\n<p class=\"has-black-color has-text-color\">+33 6 26 07 07 01                                                                                                         <\/p>\n\n\n\n<p>+33 6 21 34 85 43<\/p>\n\n\n\n<p><strong>Par E-mail<\/strong><strong>&nbsp;:<\/strong><\/p>\n\n\n\n<p>contact@provence-souvenirs.com<\/p>\n\n\n\n<figure class=\"wp-block-table\"><table><tbody><tr><td class=\"has-text-align-center\" data-align=\"center\"><strong>Laissez nous un message<\/strong><\/td><\/tr><tr><td class=\"has-text-align-center\" data-align=\"center\">\n<div class=\"wpcf7 no-js\" id=\"wpcf7-f646-o1\" lang=\"fr-FR\" dir=\"ltr\">\n<div class=\"screen-reader-response\"><p role=\"status\" aria-live=\"polite\" aria-atomic=\"true\"><\/p> <ul><\/ul><\/div>\n<form action=\"\/index.php\/wp-json\/wp\/v2\/pages\/93#wpcf7-f646-o1\" method=\"post\" class=\"wpcf7-form init\" aria-label=\"Formulaire de contact\" novalidate=\"novalidate\" data-status=\"init\">\n<div style=\"display: none;\">\n<input type=\"hidden\" name=\"_wpcf7\" value=\"646\" \/>\n<input type=\"hidden\" name=\"_wpcf7_version\" value=\"5.8.2\" \/>\n<input type=\"hidden\" name=\"_wpcf7_locale\" value=\"fr_FR\" \/>\n<input type=\"hidden\" name=\"_wpcf7_unit_tag\" value=\"wpcf7-f646-o1\" \/>\n<input type=\"hidden\" name=\"_wpcf7_container_post\" value=\"0\" \/>\n<input type=\"hidden\" name=\"_wpcf7_posted_data_hash\" value=\"\" \/>\n<\/div>\n<p><label> Votre nom<br \/>\n<span class=\"wpcf7-form-control-wrap\" data-name=\"your-name\"><input size=\"40\" class=\"wpcf7-form-control wpcf7-text wpcf7-validates-as-required\" autocomplete=\"name\" aria-required=\"true\" aria-invalid=\"false\" value=\"\" type=\"text\" name=\"your-name\" \/><\/span> <\/label>\n<\/p>\n<p><label> Votre e-mail<br \/>\n<span class=\"wpcf7-form-control-wrap\" data-name=\"your-email\"><input size=\"40\" class=\"wpcf7-form-control wpcf7-email wpcf7-validates-as-required wpcf7-text wpcf7-validates-as-email\" autocomplete=\"email\" aria-required=\"true\" aria-invalid=\"false\" value=\"\" type=\"email\" name=\"your-email\" \/><\/span> <\/label>\n<\/p>\n<p><label> Objet<br \/>\n<span class=\"wpcf7-form-control-wrap\" data-name=\"your-subject\"><input size=\"40\" class=\"wpcf7-form-control wpcf7-text wpcf7-validates-as-required\" aria-required=\"true\" aria-invalid=\"false\" value=\"\" type=\"text\" name=\"your-subject\" \/><\/span> <\/label>\n<\/p>\n<p><label> Votre message (facultatif)<br \/>\n<span class=\"wpcf7-form-control-wrap\" data-name=\"your-message\"><textarea cols=\"40\" rows=\"10\" class=\"wpcf7-form-control wpcf7-textarea\" aria-invalid=\"false\" name=\"your-message\"><\/textarea><\/span> <\/label>\n<\/p>\n<p><input class=\"wpcf7-form-control wpcf7-submit has-spinner\" type=\"submit\" value=\"Envoyer\" \/>\n<\/p><div class=\"wpcf7-response-output\" aria-hidden=\"true\"><\/div>\n<\/form>\n<\/div>\n<\/td><\/tr><tr><td class=\"has-text-align-center\" data-align=\"center\"><strong>Notre atelier, notre boutique et nos march\u00e9s de Provence<\/strong><\/td><\/tr><tr><td class=\"has-text-align-center\" data-align=\"center\"><div class=\"novo-map-container\" style=\"width: 100%; height: 500px\">\n    <div id=\"AtelierBadwAp6ikK\" style=\"width:100%; height:100%\"><\/div>\n<\/div><\/td><\/tr><\/tbody><\/table><\/figure>\n\n\n\n<p><strong>O\u00f9 nous trouver sur les march\u00e9s de Provence :<\/strong><\/p>\n\n\n\n<div class=\"wp-block-group is-vertical is-layout-flex wp-container-core-group-is-layout-1 wp-block-group-is-layout-flex\">\n<p>Le&nbsp;Jeudi \u00e0 Maussane Les Alpilles<\/p>\n\n\n\n<p>Le vendredi \u00e0&nbsp; Eygali\u00e8res<\/p>\n\n\n\n<p>Le samedi \u00e0 Arles<\/p>\n\n\n\n<p>Le dimanche \u00e0 l&#8217;Isle sur la Sorgues&nbsp;<\/p>\n\n\n\n<p>Tout les mardis soir de fin juin \u00e0 mi Septembre sur le march\u00e9 des cr\u00e9ateurs de Saint R\u00e9my de Provence de 19h \u00e0 Minuit<\/p>\n\n\n\n<p><\/p>\n<\/div>\n","protected":false},"excerpt":{"rendered":"<p>Provence Souvenirs&nbsp; Atelier : 5 Bis Chemin de la Pin\u00e8de &#8211; 13520 MAUSSANE LES ALPILLES Boutique : 26 Rue carnot &#8211; 13210 SAINT REMY DE PROVENCE Par T\u00e9l\u00e9phone&nbsp;: +33 6 26 07 07 01 +33 6 21 34 85 43 Par E-mail&nbsp;: contact@provence-souvenirs.com Laissez nous un message Notre atelier, notre boutique et nos march\u00e9s de [&hellip;]<\/p>\n","protected":false},"author":1,"featured_media":0,"parent":0,"menu_order":0,"comment_status":"closed","ping_status":"closed","template":"","meta":{"footnotes":""},"class_list":["post-93","page","type-page","status-publish","hentry"],"jetpack_sharing_enabled":true,"_links":{"self":[{"href":"https:\/\/provence-souvenirs.fr\/index.php\/wp-json\/wp\/v2\/pages\/93"}],"collection":[{"href":"https:\/\/provence-souvenirs.fr\/index.php\/wp-json\/wp\/v2\/pages"}],"about":[{"href":"https:\/\/provence-souvenirs.fr\/index.php\/wp-json\/wp\/v2\/types\/page"}],"author":[{"embeddable":true,"href":"https:\/\/provence-souvenirs.fr\/index.php\/wp-json\/wp\/v2\/users\/1"}],"replies":[{"embeddable":true,"href":"https:\/\/provence-souvenirs.fr\/index.php\/wp-json\/wp\/v2\/comments?post=93"}],"version-history":[{"count":39,"href":"https:\/\/provence-souvenirs.fr\/index.php\/wp-json\/wp\/v2\/pages\/93\/revisions"}],"predecessor-version":[{"id":788,"href":"https:\/\/provence-souvenirs.fr\/index.php\/wp-json\/wp\/v2\/pages\/93\/revisions\/788"}],"wp:attachment":[{"href":"https:\/\/provence-souvenirs.fr\/index.php\/wp-json\/wp\/v2\/media?parent=93"}],"curies":[{"name":"wp","href":"https:\/\/api.w.org\/{rel}","templated":true}]}}